{"id":69,"date":"2020-01-27T08:05:29","date_gmt":"2020-01-27T08:05:29","guid":{"rendered":"https:\/\/demosites.io\/web-agency-gb\/?page_id=69"},"modified":"2023-05-16T15:38:42","modified_gmt":"2023-05-16T15:38:42","slug":"15c42-web-agency-gb-portfolio","status":"publish","type":"page","link":"https:\/\/residuos.sma.gob.ar\/?page_id=69","title":{"rendered":"Residuos"},"content":{"rendered":"\n<p>En esta secci\u00f3n podr\u00e1s conocer c\u00f3mo es la separaci\u00f3n de residuos en San Mart\u00edn de los Andes y qu\u00e9 hacer con los distintos residuos:<\/p>\n\n\n\n<div class=\"wp-block-cover alignwide is-light has-custom-content-position is-position-bottom-center\" style=\"min-height:100vh;aspect-ratio:unset;\"><span aria-hidden=\"true\" class=\"wp-block-cover__background has-background-dim\"><\/span><img loading=\"lazy\" decoding=\"async\" width=\"1024\" height=\"768\" class=\"wp-block-cover__image-background wp-image-1343\" alt=\"\" src=\"https:\/\/residuos.sma.gob.ar\/wp-content\/uploads\/2023\/04\/IMG-20221111-WA0027-1024x768.jpg\" data-object-fit=\"cover\" srcset=\"https:\/\/residuos.sma.gob.ar\/wp-content\/uploads\/2023\/04\/IMG-20221111-WA0027-1024x768.jpg 1024w, https:\/\/residuos.sma.gob.ar\/wp-content\/uploads\/2023\/04\/IMG-20221111-WA0027-300x225.jpg 300w, https:\/\/residuos.sma.gob.ar\/wp-content\/uploads\/2023\/04\/IMG-20221111-WA0027-768x576.jpg 768w, https:\/\/residuos.sma.gob.ar\/wp-content\/uploads\/2023\/04\/IMG-20221111-WA0027-1536x1152.jpg 1536w, https:\/\/residuos.sma.gob.ar\/wp-content\/uploads\/2023\/04\/IMG-20221111-WA0027.jpg 1600w\" sizes=\"auto, (max-width: 1024px) 100vw, 1024px\" \/><div class=\"wp-block-cover__inner-container is-layout-flow wp-block-cover-is-layout-flow\">\n<p><\/p>\n\n\n\n<p class=\"has-text-align-center has-large-font-size\"><a href=\"https:\/\/residuos.sma.gob.ar\/?p=1043\">\u2022 Residuos, separaci\u00f3n, recolecci\u00f3n y reciclaje<\/a><\/p>\n<\/div><\/div>\n\n\n\n<h2 class=\"wp-block-heading has-text-align-center\">Conoc\u00e9 d\u00f3nde disponer cada residuo:<\/h2>\n\n\n\n<div class=\"wp-block-group is-layout-constrained wp-block-group-is-layout-constrained\">\n<figure class=\"wp-block-gallery aligncenter has-nested-images columns-default is-cropped wp-block-gallery-1 is-layout-flex wp-block-gallery-is-layout-flex\">\n<figure class=\"wp-block-image size-full\"><a href=\"https:\/\/residuos.sma.gob.ar\/?p=353\"><img loading=\"lazy\" decoding=\"async\" width=\"563\" height=\"402\" data-id=\"1425\" src=\"https:\/\/residuos.sma.gob.ar\/wp-content\/uploads\/2023\/04\/reciclables.jpg\" alt=\"\" class=\"wp-image-1425\" srcset=\"https:\/\/residuos.sma.gob.ar\/wp-content\/uploads\/2023\/04\/reciclables.jpg 563w, https:\/\/residuos.sma.gob.ar\/wp-content\/uploads\/2023\/04\/reciclables-300x214.jpg 300w\" sizes=\"auto, (max-width: 563px) 100vw, 563px\" \/><\/a><figcaption class=\"wp-element-caption\"><a href=\"https:\/\/residuos.sma.gob.ar\/?p=353\">\u2022 Residuos Reciclables Secos (Inorg\u00e1nicos)<\/a><\/figcaption><\/figure>\n\n\n\n<figure class=\"wp-block-image size-full\"><a href=\"https:\/\/residuos.sma.gob.ar\/?p=312\"><img loading=\"lazy\" decoding=\"async\" width=\"500\" height=\"500\" data-id=\"1581\" src=\"https:\/\/residuos.sma.gob.ar\/wp-content\/uploads\/2023\/05\/image-53.png\" alt=\"\" class=\"wp-image-1581\" srcset=\"https:\/\/residuos.sma.gob.ar\/wp-content\/uploads\/2023\/05\/image-53.png 500w, https:\/\/residuos.sma.gob.ar\/wp-content\/uploads\/2023\/05\/image-53-300x300.png 300w, https:\/\/residuos.sma.gob.ar\/wp-content\/uploads\/2023\/05\/image-53-150x150.png 150w\" sizes=\"auto, (max-width: 500px) 100vw, 500px\" \/><\/a><figcaption class=\"wp-element-caption\"><a href=\"https:\/\/residuos.sma.gob.ar\/?p=312\">\u2022 Basura Domiciliaria (No reciclable)<\/a><\/figcaption><\/figure>\n\n\n\n<figure class=\"wp-block-image size-full\"><a href=\"https:\/\/residuos.sma.gob.ar\/?p=1\"><img loading=\"lazy\" decoding=\"async\" width=\"1200\" height=\"656\" data-id=\"1460\" src=\"https:\/\/residuos.sma.gob.ar\/wp-content\/uploads\/2023\/05\/image.png\" alt=\"\" class=\"wp-image-1460\" srcset=\"https:\/\/residuos.sma.gob.ar\/wp-content\/uploads\/2023\/05\/image.png 1200w, https:\/\/residuos.sma.gob.ar\/wp-content\/uploads\/2023\/05\/image-300x164.png 300w, https:\/\/residuos.sma.gob.ar\/wp-content\/uploads\/2023\/05\/image-1024x560.png 1024w, https:\/\/residuos.sma.gob.ar\/wp-content\/uploads\/2023\/05\/image-768x420.png 768w\" sizes=\"auto, (max-width: 1200px) 100vw, 1200px\" \/><\/a><figcaption class=\"wp-element-caption\"><a href=\"https:\/\/residuos.sma.gob.ar\/?p=1\">\u2022 Restos de Poda y Jardiner\u00eda<\/a><\/figcaption><\/figure>\n\n\n\n<figure class=\"wp-block-image size-full\"><a href=\"https:\/\/residuos.sma.gob.ar\/?p=306\"><img loading=\"lazy\" decoding=\"async\" width=\"967\" height=\"494\" data-id=\"1467\" src=\"https:\/\/residuos.sma.gob.ar\/wp-content\/uploads\/2023\/05\/image-1.png\" alt=\"\" class=\"wp-image-1467\" srcset=\"https:\/\/residuos.sma.gob.ar\/wp-content\/uploads\/2023\/05\/image-1.png 967w, https:\/\/residuos.sma.gob.ar\/wp-content\/uploads\/2023\/05\/image-1-300x153.png 300w, https:\/\/residuos.sma.gob.ar\/wp-content\/uploads\/2023\/05\/image-1-768x392.png 768w\" sizes=\"auto, (max-width: 967px) 100vw, 967px\" \/><\/a><figcaption class=\"wp-element-caption\"><a href=\"https:\/\/residuos.sma.gob.ar\/?p=306\">\u2022 Restos de Construcci\u00f3n<\/a><\/figcaption><\/figure>\n\n\n\n<figure class=\"wp-block-image size-full\"><a href=\"https:\/\/residuos.sma.gob.ar\/?p=350\"><img loading=\"lazy\" decoding=\"async\" width=\"480\" height=\"273\" data-id=\"1472\" src=\"https:\/\/residuos.sma.gob.ar\/wp-content\/uploads\/2023\/05\/image-5.png\" alt=\"\" class=\"wp-image-1472\" srcset=\"https:\/\/residuos.sma.gob.ar\/wp-content\/uploads\/2023\/05\/image-5.png 480w, https:\/\/residuos.sma.gob.ar\/wp-content\/uploads\/2023\/05\/image-5-300x171.png 300w\" sizes=\"auto, (max-width: 480px) 100vw, 480px\" \/><\/a><figcaption class=\"wp-element-caption\"><a href=\"https:\/\/residuos.sma.gob.ar\/?p=350\">\u2022 Aceites Vegetales Usados (AVU\u00b4s)<\/a><\/figcaption><\/figure>\n\n\n\n<figure class=\"wp-block-image size-full\"><a href=\"https:\/\/residuos.sma.gob.ar\/?p=352\"><img loading=\"lazy\" decoding=\"async\" width=\"1280\" height=\"854\" data-id=\"1476\" src=\"https:\/\/residuos.sma.gob.ar\/wp-content\/uploads\/2023\/05\/image-8.png\" alt=\"\" class=\"wp-image-1476\" srcset=\"https:\/\/residuos.sma.gob.ar\/wp-content\/uploads\/2023\/05\/image-8.png 1280w, https:\/\/residuos.sma.gob.ar\/wp-content\/uploads\/2023\/05\/image-8-300x200.png 300w, https:\/\/residuos.sma.gob.ar\/wp-content\/uploads\/2023\/05\/image-8-1024x683.png 1024w, https:\/\/residuos.sma.gob.ar\/wp-content\/uploads\/2023\/05\/image-8-768x512.png 768w, https:\/\/residuos.sma.gob.ar\/wp-content\/uploads\/2023\/05\/image-8-930x620.png 930w\" sizes=\"auto, (max-width: 1280px) 100vw, 1280px\" \/><\/a><figcaption class=\"wp-element-caption\"><a href=\"https:\/\/residuos.sma.gob.ar\/?p=352\">\u2022 Residuos Aparatos El\u00e9ctricos y Electr\u00f3nicos (RAEE\u00b4s)<\/a><\/figcaption><\/figure>\n\n\n\n<figure class=\"wp-block-image size-full\"><a href=\"https:\/\/residuos.sma.gob.ar\/?p=311\"><img loading=\"lazy\" decoding=\"async\" width=\"506\" height=\"265\" data-id=\"1560\" src=\"https:\/\/residuos.sma.gob.ar\/wp-content\/uploads\/2023\/05\/image-47.png\" alt=\"\" class=\"wp-image-1560\" srcset=\"https:\/\/residuos.sma.gob.ar\/wp-content\/uploads\/2023\/05\/image-47.png 506w, https:\/\/residuos.sma.gob.ar\/wp-content\/uploads\/2023\/05\/image-47-300x157.png 300w\" sizes=\"auto, (max-width: 506px) 100vw, 506px\" \/><\/a><figcaption class=\"wp-element-caption\"><a href=\"https:\/\/residuos.sma.gob.ar\/?p=311\">\u2022 Neum\u00e1ticos<\/a><\/figcaption><\/figure>\n\n\n\n<figure class=\"wp-block-image size-full\"><a href=\"https:\/\/residuos.sma.gob.ar\/?p=422\"><img loading=\"lazy\" decoding=\"async\" width=\"850\" height=\"500\" data-id=\"1563\" src=\"https:\/\/residuos.sma.gob.ar\/wp-content\/uploads\/2023\/05\/image-49.png\" alt=\"\" class=\"wp-image-1563\" srcset=\"https:\/\/residuos.sma.gob.ar\/wp-content\/uploads\/2023\/05\/image-49.png 850w, https:\/\/residuos.sma.gob.ar\/wp-content\/uploads\/2023\/05\/image-49-300x176.png 300w, https:\/\/residuos.sma.gob.ar\/wp-content\/uploads\/2023\/05\/image-49-768x452.png 768w\" sizes=\"auto, (max-width: 850px) 100vw, 850px\" \/><\/a><figcaption class=\"wp-element-caption\"><a href=\"https:\/\/residuos.sma.gob.ar\/?p=422\">\u2022 Chatarra<\/a><\/figcaption><\/figure>\n\n\n\n<figure class=\"wp-block-image size-full\"><a href=\"https:\/\/residuos.sma.gob.ar\/?p=1113\"><img loading=\"lazy\" decoding=\"async\" width=\"640\" height=\"240\" data-id=\"1570\" src=\"https:\/\/residuos.sma.gob.ar\/wp-content\/uploads\/2023\/05\/image-50.png\" alt=\"\" class=\"wp-image-1570\" srcset=\"https:\/\/residuos.sma.gob.ar\/wp-content\/uploads\/2023\/05\/image-50.png 640w, https:\/\/residuos.sma.gob.ar\/wp-content\/uploads\/2023\/05\/image-50-300x113.png 300w\" sizes=\"auto, (max-width: 640px) 100vw, 640px\" \/><\/a><figcaption class=\"wp-element-caption\"><a href=\"https:\/\/residuos.sma.gob.ar\/?p=1113\">\u2022 Bater\u00edas Usadas<\/a><\/figcaption><\/figure>\n<\/figure>\n<\/div>\n\n\n\n<p><\/p>\n","protected":false},"excerpt":{"rendered":"<p>En esta secci\u00f3n podr\u00e1s conocer c\u00f3mo es la separaci\u00f3n de residuos en San Mart\u00edn de los Andes y qu\u00e9 hacer con los distintos residuos: Conoc\u00e9 d\u00f3nde disponer cada residuo:<\/p>\n","protected":false},"author":1,"featured_media":779,"parent":0,"menu_order":0,"comment_status":"closed","ping_status":"closed","template":"","meta":{"site-sidebar-layout":"default","site-content-layout":"default","ast-global-header-display":"","ast-banner-title-visibility":"","ast-main-header-display":"","ast-hfb-above-header-display":"","ast-hfb-below-header-display":"","ast-hfb-mobile-header-display":"","site-post-title":"","ast-breadcrumbs-content":"","ast-featured-img":"","footer-sml-layout":"","theme-transparent-header-meta":"","adv-header-id-meta":"","stick-header-meta":"","header-above-stick-meta":"","header-main-stick-meta":"","header-below-stick-meta":"","_ti_tpc_template_sync":false,"_ti_tpc_template_id":"t3x60x1arljpehhy6mr6","footnotes":""},"class_list":["post-69","page","type-page","status-publish","has-post-thumbnail","hentry"],"_links":{"self":[{"href":"https:\/\/residuos.sma.gob.ar\/index.php?rest_route=\/wp\/v2\/pages\/69","targetHints":{"allow":["GET"]}}],"collection":[{"href":"https:\/\/residuos.sma.gob.ar\/index.php?rest_route=\/wp\/v2\/pages"}],"about":[{"href":"https:\/\/residuos.sma.gob.ar\/index.php?rest_route=\/wp\/v2\/types\/page"}],"author":[{"embeddable":true,"href":"https:\/\/residuos.sma.gob.ar\/index.php?rest_route=\/wp\/v2\/users\/1"}],"replies":[{"embeddable":true,"href":"https:\/\/residuos.sma.gob.ar\/index.php?rest_route=%2Fwp%2Fv2%2Fcomments&post=69"}],"version-history":[{"count":8,"href":"https:\/\/residuos.sma.gob.ar\/index.php?rest_route=\/wp\/v2\/pages\/69\/revisions"}],"predecessor-version":[{"id":1595,"href":"https:\/\/residuos.sma.gob.ar\/index.php?rest_route=\/wp\/v2\/pages\/69\/revisions\/1595"}],"wp:featuredmedia":[{"embeddable":true,"href":"https:\/\/residuos.sma.gob.ar\/index.php?rest_route=\/wp\/v2\/media\/779"}],"wp:attachment":[{"href":"https:\/\/residuos.sma.gob.ar\/index.php?rest_route=%2Fwp%2Fv2%2Fmedia&parent=69"}],"curies":[{"name":"wp","href":"https:\/\/api.w.org\/{rel}","templated":true}]}}