{"id":706,"date":"2022-11-16T17:21:19","date_gmt":"2022-11-16T17:21:19","guid":{"rendered":"https:\/\/residuos.sma.gob.ar\/?page_id=706"},"modified":"2023-10-02T12:59:46","modified_gmt":"2023-10-02T12:59:46","slug":"separacion-diferenciada-de-residuos-domiciliarios-2","status":"publish","type":"page","link":"https:\/\/residuos.sma.gob.ar\/?page_id=706","title":{"rendered":"Recolecci\u00f3n Diferenciada de Residuos Domiciliarios"},"content":{"rendered":"\n<h4 class=\"wp-block-heading\">\u00a1En San Mart\u00edn de los Andes el sistema de recolecci\u00f3n diferenciado permite el reciclaje de muchos de nuestros residuos!<\/h4>\n\n\n\n<h5 class=\"wp-block-heading\">Decimos que la recolecci\u00f3n es diferenciada porque se recolecta en forma separada los distintos residuos:<\/h5>\n\n\n\n<h5 class=\"wp-block-heading\">\u2022 Residuos reciclables secos (\ud83d\udd35papeles y cartones, \u26ab\ufe0fmetales, \ud83d\udfe1pl\u00e1sticos y \u26aa\ufe0fvidrios):<\/h5>\n\n\n\n<figure class=\"wp-block-image size-full is-resized\"><img loading=\"lazy\" decoding=\"async\" src=\"https:\/\/residuos.sma.gob.ar\/wp-content\/uploads\/2023\/09\/image-5.png\" alt=\"\" class=\"wp-image-1964\" style=\"width:162px;height:116px\" width=\"162\" height=\"116\" srcset=\"https:\/\/residuos.sma.gob.ar\/wp-content\/uploads\/2023\/09\/image-5.png 563w, https:\/\/residuos.sma.gob.ar\/wp-content\/uploads\/2023\/09\/image-5-300x214.png 300w\" sizes=\"auto, (max-width: 162px) 100vw, 162px\" \/><\/figure>\n\n\n\n<p><strong>Los residuos reciclables secos los tiramos en un tacho, siempre limpios y secos\ud83e\uddfc, y luego los tenemos que llevar a los <a href=\"https:\/\/residuos.sma.gob.ar\/?p=483\">Puntos verdes<\/a> o <a href=\"https:\/\/residuos.sma.gob.ar\/?p=431\">Ecopuntos<\/a> para los recolectores los lleven al <a href=\"https:\/\/residuos.sma.gob.ar\/?p=1443\">SIRVe<\/a>.<\/strong> Ah\u00ed ser\u00e1n clasificados por tipo de material y enviados a plantas recicladoras.<\/p>\n\n\n\n<p>Desde la Ordenanza N\u00b0 11.685, sancionada en 2017 por el Concejo Deliberante, <strong>es obligatorio realizar esta separaci\u00f3n entre Residuos Reciclables Secos (inorg\u00e1nicos) y la de Residuos no reciclables ni compostables (Basura).<\/strong><\/p>\n\n\n\n<p>\u00a1Enterate cu\u00e1les son los reciclables secos\u00a0<a href=\"https:\/\/residuos.sma.gob.ar\/?p=353\">ac\u00e1<\/a>!<\/p>\n\n\n\n<figure class=\"wp-block-image aligncenter size-large\"><img loading=\"lazy\" decoding=\"async\" width=\"1024\" height=\"207\" src=\"https:\/\/residuos.sma.gob.ar\/wp-content\/uploads\/2023\/10\/image-3-1024x207.png\" alt=\"\" class=\"wp-image-2082\" srcset=\"https:\/\/residuos.sma.gob.ar\/wp-content\/uploads\/2023\/10\/image-3-1024x207.png 1024w, https:\/\/residuos.sma.gob.ar\/wp-content\/uploads\/2023\/10\/image-3-300x61.png 300w, https:\/\/residuos.sma.gob.ar\/wp-content\/uploads\/2023\/10\/image-3-768x155.png 768w, https:\/\/residuos.sma.gob.ar\/wp-content\/uploads\/2023\/10\/image-3.png 1049w\" sizes=\"auto, (max-width: 1024px) 100vw, 1024px\" \/><\/figure>\n\n\n\n<hr class=\"wp-block-separator has-alpha-channel-opacity\"\/>\n\n\n\n<h5 class=\"wp-block-heading\"><strong>\u2022 Residuos no reciclables ni compostables (basura):<\/strong><\/h5>\n\n\n\n<figure class=\"wp-block-image size-full is-resized\"><img loading=\"lazy\" decoding=\"async\" src=\"https:\/\/residuos.sma.gob.ar\/wp-content\/uploads\/2023\/09\/image-4.png\" alt=\"\" class=\"wp-image-1963\" style=\"width:168px;height:168px\" width=\"168\" height=\"168\" srcset=\"https:\/\/residuos.sma.gob.ar\/wp-content\/uploads\/2023\/09\/image-4.png 1024w, https:\/\/residuos.sma.gob.ar\/wp-content\/uploads\/2023\/09\/image-4-300x300.png 300w, https:\/\/residuos.sma.gob.ar\/wp-content\/uploads\/2023\/09\/image-4-150x150.png 150w, https:\/\/residuos.sma.gob.ar\/wp-content\/uploads\/2023\/09\/image-4-768x768.png 768w\" sizes=\"auto, (max-width: 168px) 100vw, 168px\" \/><\/figure>\n\n\n\n<p><strong>La basura que generamos en nuestros hogares (los residuos no reciclables ni compostables) se transporta hasta el relleno sanitario en Alicur\u00e1 para ser enterrada<\/strong>. Los residuos enterrados ya no tendr\u00e1n una nueva vida \u00fatil y en su descomposici\u00f3n generar\u00e1n gases de efecto invernadero. Todo esto  un impacto negativo ambiental,&nbsp;social y econ\u00f3mico. <\/p>\n\n\n\n<p>\u00a1Es por eso que debemos disminuir nuestra basura lo m\u00e1ximo posible!\u26a0\ufe0f<\/p>\n\n\n\n<figure class=\"wp-block-image aligncenter size-full\"><img loading=\"lazy\" decoding=\"async\" width=\"871\" height=\"204\" src=\"https:\/\/residuos.sma.gob.ar\/wp-content\/uploads\/2023\/10\/image-7.png\" alt=\"\" class=\"wp-image-2086\" srcset=\"https:\/\/residuos.sma.gob.ar\/wp-content\/uploads\/2023\/10\/image-7.png 871w, https:\/\/residuos.sma.gob.ar\/wp-content\/uploads\/2023\/10\/image-7-300x70.png 300w, https:\/\/residuos.sma.gob.ar\/wp-content\/uploads\/2023\/10\/image-7-768x180.png 768w\" sizes=\"auto, (max-width: 871px) 100vw, 871px\" \/><\/figure>\n\n\n\n<hr class=\"wp-block-separator has-alpha-channel-opacity\"\/>\n\n\n\n<h5 class=\"wp-block-heading\">En San Mart\u00edn se fomenta el compostaje de nuestros restos org\u00e1nicos (restos de cocina y de jardiner\u00eda), lo cual representa el 50% de los residuos que generamos\ud83c\udf4c\ud83e\udd66<\/h5>\n\n\n\n<figure class=\"wp-block-image size-full is-resized\"><img loading=\"lazy\" decoding=\"async\" src=\"https:\/\/residuos.sma.gob.ar\/wp-content\/uploads\/2023\/09\/image-6.png\" alt=\"\" class=\"wp-image-1965\" style=\"width:159px;height:139px\" width=\"159\" height=\"139\"\/><\/figure>\n\n\n\n<p><strong>Todav\u00eda en San Mart\u00edn no contamos con una recolecci\u00f3n diferenciada para nuestros restos org\u00e1nicos compostables, es por eso que debemos compostarlos en casa o llevarlos a la abonera de alg\u00fan vecino o vecina que tenga o a alguna abonera comunitaria.<\/strong><\/p>\n\n\n\n<p>\u00a1Es una pr\u00e1ctica muy sencilla y linda de realizar que tiene un impacto positivo enorme!<\/p>\n\n\n\n<p>Enterate cu\u00e1les son los restos compostables y c\u00f3mo compostar haciendo click <a href=\"https:\/\/residuos.sma.gob.ar\/?p=1598\">aqu\u00ed<\/a>.<\/p>\n\n\n\n<figure class=\"wp-block-image aligncenter size-full\"><img loading=\"lazy\" decoding=\"async\" width=\"972\" height=\"214\" src=\"https:\/\/residuos.sma.gob.ar\/wp-content\/uploads\/2023\/10\/image-8.png\" alt=\"\" class=\"wp-image-2087\" srcset=\"https:\/\/residuos.sma.gob.ar\/wp-content\/uploads\/2023\/10\/image-8.png 972w, https:\/\/residuos.sma.gob.ar\/wp-content\/uploads\/2023\/10\/image-8-300x66.png 300w, https:\/\/residuos.sma.gob.ar\/wp-content\/uploads\/2023\/10\/image-8-768x169.png 768w\" sizes=\"auto, (max-width: 972px) 100vw, 972px\" \/><\/figure>\n\n\n\n<hr class=\"wp-block-separator has-alpha-channel-opacity\"\/>\n\n\n\n<h4 class=\"wp-block-heading\">Separar en origen es el primer paso para que la recolecci\u00f3n sea diferenciada y para permitir el proceso de reciclaje. <\/h4>\n\n\n\n<figure class=\"wp-block-image aligncenter size-large\"><img loading=\"lazy\" decoding=\"async\" width=\"1024\" height=\"365\" src=\"https:\/\/residuos.sma.gob.ar\/wp-content\/uploads\/2023\/10\/image-10-1024x365.png\" alt=\"\" class=\"wp-image-2092\" srcset=\"https:\/\/residuos.sma.gob.ar\/wp-content\/uploads\/2023\/10\/image-10-1024x365.png 1024w, https:\/\/residuos.sma.gob.ar\/wp-content\/uploads\/2023\/10\/image-10-300x107.png 300w, https:\/\/residuos.sma.gob.ar\/wp-content\/uploads\/2023\/10\/image-10-768x274.png 768w, https:\/\/residuos.sma.gob.ar\/wp-content\/uploads\/2023\/10\/image-10.png 1192w\" sizes=\"auto, (max-width: 1024px) 100vw, 1024px\" \/><\/figure>\n\n\n\n<h4 class=\"wp-block-heading\">Comienza en tu casa, cuando dispon\u00e9s por un lado los residuos que pueden ser reciclados, por otro los que pueden ser compostados y, por otro, la basura (residuos no reciclables ni compostables).<\/h4>\n\n\n\n<p>Se dice &#8220;en origen&#8221; porque la separaci\u00f3n hay que hacerla en el lugar en donde se originan esos residuos (tu casa, club, trabajo o comercio).<\/p>\n\n\n\n<h4 class=\"wp-block-heading\"><strong>Separamos en origen para compostar los restos org\u00e1nicos y para que los recolectores recojan en distintos camiones los residuos reciclables secos y la basura (residuos no reciclables ni compostables).<\/strong><\/h4>\n\n\n\n<p><\/p>\n\n\n\n<h1 class=\"wp-block-heading has-text-align-center\">\u00bfC\u00f3mo separamos en origen?<\/h1>\n\n\n\n<h4 class=\"wp-block-heading\">Con&nbsp;<strong>tres tachos diferenciados<\/strong>: uno para los reciclables secos\ud83d\uddd1, otro para los residuos compostables\ud83d\uddd1&nbsp;y otro para la basura\ud83d\uddd1.<\/h4>\n\n\n\n<div class=\"wp-block-columns is-layout-flex wp-container-core-columns-is-layout-28f84493 wp-block-columns-is-layout-flex\">\n<div class=\"wp-block-column is-layout-flow wp-block-column-is-layout-flow\">\n<figure class=\"wp-block-image\"><img loading=\"lazy\" decoding=\"async\" width=\"435\" height=\"444\" src=\"https:\/\/residuos.sma.gob.ar\/wp-content\/uploads\/2023\/08\/image-26.png\" alt=\"\" class=\"wp-image-1934\" srcset=\"https:\/\/residuos.sma.gob.ar\/wp-content\/uploads\/2023\/08\/image-26.png 435w, https:\/\/residuos.sma.gob.ar\/wp-content\/uploads\/2023\/08\/image-26-294x300.png 294w\" sizes=\"auto, (max-width: 435px) 100vw, 435px\" \/><\/figure>\n<\/div>\n\n\n\n<div class=\"wp-block-column is-layout-flow wp-block-column-is-layout-flow\">\n<figure class=\"wp-block-image\"><img loading=\"lazy\" decoding=\"async\" width=\"433\" height=\"443\" src=\"https:\/\/residuos.sma.gob.ar\/wp-content\/uploads\/2023\/08\/image-24.png\" alt=\"\" class=\"wp-image-1932\" srcset=\"https:\/\/residuos.sma.gob.ar\/wp-content\/uploads\/2023\/08\/image-24.png 433w, https:\/\/residuos.sma.gob.ar\/wp-content\/uploads\/2023\/08\/image-24-293x300.png 293w\" sizes=\"auto, (max-width: 433px) 100vw, 433px\" \/><\/figure>\n<\/div>\n\n\n\n<div class=\"wp-block-column is-layout-flow wp-block-column-is-layout-flow\">\n<figure class=\"wp-block-image size-full\"><img loading=\"lazy\" decoding=\"async\" width=\"401\" height=\"410\" src=\"https:\/\/residuos.sma.gob.ar\/wp-content\/uploads\/2023\/10\/image-11.png\" alt=\"\" class=\"wp-image-2093\" srcset=\"https:\/\/residuos.sma.gob.ar\/wp-content\/uploads\/2023\/10\/image-11.png 401w, https:\/\/residuos.sma.gob.ar\/wp-content\/uploads\/2023\/10\/image-11-293x300.png 293w\" sizes=\"auto, (max-width: 401px) 100vw, 401px\" \/><\/figure>\n<\/div>\n<\/div>\n\n\n\n<figure class=\"wp-block-image is-resized\"><img loading=\"lazy\" decoding=\"async\" src=\"https:\/\/residuos.sma.gob.ar\/wp-content\/uploads\/2023\/08\/image-27.png\" alt=\"\" class=\"wp-image-1935\" style=\"width:88px;height:133px\" width=\"88\" height=\"133\"\/><\/figure>\n\n\n\n<p><strong>Los residuos reciclables secos los tiramos en un tacho, siempre limpios y secos\ud83e\uddfc, y luego los tenemos que llevar a los <a href=\"https:\/\/residuos.sma.gob.ar\/?p=483\">Puntos verdes<\/a> o <a href=\"https:\/\/residuos.sma.gob.ar\/?p=431\">Ecopuntos<\/a> para los recolectores los lleven al <a href=\"https:\/\/residuos.sma.gob.ar\/?p=1443\">SIRVe<\/a>.<\/strong> Ah\u00ed ser\u00e1n clasificados por tipo de material y enviados a plantas recicladoras.<\/p>\n\n\n\n<p>\u00a1Enterate cu\u00e1les son los reciclables secos&nbsp;<a href=\"https:\/\/residuos.sma.gob.ar\/?p=353\">ac\u00e1<\/a>!<\/p>\n\n\n\n<figure class=\"wp-block-image is-resized\"><img loading=\"lazy\" decoding=\"async\" src=\"https:\/\/residuos.sma.gob.ar\/wp-content\/uploads\/2023\/08\/image-28.png\" alt=\"\" class=\"wp-image-1936\" style=\"width:94px;height:154px\" width=\"94\" height=\"154\"\/><\/figure>\n\n\n\n<p><strong>Los restos org\u00e1nicos compostables los tiramos en un tacho aparte y luego lo llevamos a una abonera\/compostera<\/strong>: pod\u00e9s armarte una en tu casa si ten\u00e9s jard\u00edn o llevar estos restos a la abonera de alg\u00fan vecino o vecina que tenga o a alguna abonera comunitaria.<\/p>\n\n\n\n<p>\u00a1Enterate m\u00e1s sobre c\u00f3mo separar y compostar tus restos org\u00e1nicos&nbsp;<a href=\"https:\/\/residuos.sma.gob.ar\/?p=1598\">ac\u00e1<\/a>!<\/p>\n\n\n\n<figure class=\"wp-block-image size-full is-resized\"><img loading=\"lazy\" decoding=\"async\" src=\"https:\/\/residuos.sma.gob.ar\/wp-content\/uploads\/2023\/10\/image-13.png\" alt=\"\" class=\"wp-image-2095\" style=\"width:115px;height:171px\" width=\"115\" height=\"171\"\/><\/figure>\n\n\n\n<p><strong>Los residuos no reciclables ni compostables (basura) los tiramos en otro tacho y los dejamos en los cestos domiciliarios para que los recolectores los lleven al relleno sanitario de Alicur\u00e1.<\/strong><\/p>\n\n\n\n<p>Enterate cu\u00e1les residuos son basura (residuos no reciclables ni compostables)&nbsp;<a href=\"https:\/\/residuos.sma.gob.ar\/?p=312\">ac\u00e1<\/a>.<\/p>\n\n\n\n<p><\/p>\n\n\n\n<h1 class=\"wp-block-heading has-text-align-center\">\u00bfPara qu\u00e9 separamos en origen?<\/h1>\n\n\n\n<p>Separamos en origen para que los residuos reciclables puedan clasificarse en la planta del <a href=\"https:\/\/residuos.sma.gob.ar\/?p=1443\">SIRVe<\/a> y luego enviarse a las plantas recicladoras.<\/p>\n\n\n\n<p>Si tiramos estos residuos reciclables mezclados con residuos no reciclables, se ensucian y ya no se pueden clasificar.<\/p>\n\n\n\n<p><strong>Es decir, si separamos nuestros residuos, podemos reciclarnos, si los tiramos todos juntos, se vuelven basura.<\/strong><\/p>\n\n\n\n<figure class=\"wp-block-image aligncenter size-full is-resized\"><img loading=\"lazy\" decoding=\"async\" src=\"https:\/\/residuos.sma.gob.ar\/wp-content\/uploads\/2023\/10\/image-1.png\" alt=\"\" class=\"wp-image-2074\" style=\"width:521px;height:523px\" width=\"521\" height=\"523\" srcset=\"https:\/\/residuos.sma.gob.ar\/wp-content\/uploads\/2023\/10\/image-1.png 539w, https:\/\/residuos.sma.gob.ar\/wp-content\/uploads\/2023\/10\/image-1-300x300.png 300w, https:\/\/residuos.sma.gob.ar\/wp-content\/uploads\/2023\/10\/image-1-150x150.png 150w\" sizes=\"auto, (max-width: 521px) 100vw, 521px\" \/><\/figure>\n","protected":false},"excerpt":{"rendered":"<p>\u00a1En San Mart\u00edn de los Andes el sistema de recolecci\u00f3n diferenciado permite el reciclaje de muchos de nuestros residuos! Decimos que la recolecci\u00f3n es diferenciada porque se recolecta en forma separada los distintos residuos: \u2022 Residuos reciclables secos (\ud83d\udd35papeles y cartones, \u26ab\ufe0fmetales, \ud83d\udfe1pl\u00e1sticos y \u26aa\ufe0fvidrios): Los residuos reciclables secos los tiramos en un tacho, siempre &hellip;<\/p>\n<p class=\"read-more\"> <a class=\"\" href=\"https:\/\/residuos.sma.gob.ar\/?page_id=706\"> <span class=\"screen-reader-text\">Recolecci\u00f3n Diferenciada de Residuos Domiciliarios<\/span> Leer m\u00e1s &raquo;<\/a><\/p>\n","protected":false},"author":1,"featured_media":2085,"parent":0,"menu_order":0,"comment_status":"closed","ping_status":"closed","template":"","meta":{"site-sidebar-layout":"default","site-content-layout":"default","ast-global-header-display":"","ast-banner-title-visibility":"","ast-main-header-display":"","ast-hfb-above-header-display":"","ast-hfb-below-header-display":"","ast-hfb-mobile-header-display":"","site-post-title":"","ast-breadcrumbs-content":"","ast-featured-img":"","footer-sml-layout":"","theme-transparent-header-meta":"","adv-header-id-meta":"","stick-header-meta":"","header-above-stick-meta":"","header-main-stick-meta":"","header-below-stick-meta":"","_ti_tpc_template_sync":false,"_ti_tpc_template_id":"","footnotes":""},"class_list":["post-706","page","type-page","status-publish","has-post-thumbnail","hentry"],"_links":{"self":[{"href":"https:\/\/residuos.sma.gob.ar\/index.php?rest_route=\/wp\/v2\/pages\/706","targetHints":{"allow":["GET"]}}],"collection":[{"href":"https:\/\/residuos.sma.gob.ar\/index.php?rest_route=\/wp\/v2\/pages"}],"about":[{"href":"https:\/\/residuos.sma.gob.ar\/index.php?rest_route=\/wp\/v2\/types\/page"}],"author":[{"embeddable":true,"href":"https:\/\/residuos.sma.gob.ar\/index.php?rest_route=\/wp\/v2\/users\/1"}],"replies":[{"embeddable":true,"href":"https:\/\/residuos.sma.gob.ar\/index.php?rest_route=%2Fwp%2Fv2%2Fcomments&post=706"}],"version-history":[{"count":41,"href":"https:\/\/residuos.sma.gob.ar\/index.php?rest_route=\/wp\/v2\/pages\/706\/revisions"}],"predecessor-version":[{"id":2096,"href":"https:\/\/residuos.sma.gob.ar\/index.php?rest_route=\/wp\/v2\/pages\/706\/revisions\/2096"}],"wp:featuredmedia":[{"embeddable":true,"href":"https:\/\/residuos.sma.gob.ar\/index.php?rest_route=\/wp\/v2\/media\/2085"}],"wp:attachment":[{"href":"https:\/\/residuos.sma.gob.ar\/index.php?rest_route=%2Fwp%2Fv2%2Fmedia&parent=706"}],"curies":[{"name":"wp","href":"https:\/\/api.w.org\/{rel}","templated":true}]}}