{"id":930,"date":"2022-12-03T15:12:13","date_gmt":"2022-12-03T15:12:13","guid":{"rendered":"https:\/\/residuos.sma.gob.ar\/?page_id=930"},"modified":"2023-10-03T12:09:36","modified_gmt":"2023-10-03T12:09:36","slug":"instituciones","status":"publish","type":"page","link":"https:\/\/residuos.sma.gob.ar\/?page_id=930","title":{"rendered":"Instituciones"},"content":{"rendered":"\n<p>Los residuos institucionales son aquellos que se generan en espacios colectivos de entidades p\u00fablicas o privadas: dependencias administrativas, establecimientos educativos, clubes, comedores o merenderos, sociedades de fomento, centros vecinales o cualquier otro espacio comunitario en general. <\/p>\n\n\n\n<p>Se considera que los residuos institucionales son asimilables a los domiciliarios ya que son iguales a \u00e9stos en cuanto a composici\u00f3n; con excepci\u00f3n de los que se encuentran regulados por normas espec\u00edficas como, por ejemplo, los patog\u00e9nicos.<\/p>\n\n\n\n<figure class=\"wp-block-image aligncenter size-full\"><img loading=\"lazy\" decoding=\"async\" width=\"739\" height=\"538\" src=\"https:\/\/residuos.sma.gob.ar\/wp-content\/uploads\/2023\/04\/image-2.png\" alt=\"\" class=\"wp-image-1374\" srcset=\"https:\/\/residuos.sma.gob.ar\/wp-content\/uploads\/2023\/04\/image-2.png 739w, https:\/\/residuos.sma.gob.ar\/wp-content\/uploads\/2023\/04\/image-2-300x218.png 300w\" sizes=\"auto, (max-width: 739px) 100vw, 739px\" \/><\/figure>\n\n\n\n<p>Fuente: Ministerio de Ambiente y Desarrollo Sostenible, Naci\u00f3n<\/p>\n\n\n\n<p>Las instituciones son generadoras de residuos y, como tales, tienen la obligaci\u00f3n de realizar el acopio y la disposici\u00f3n inicial de \u00e9stos de acuerdo a lo que cada jurisdicci\u00f3n establezca.<\/p>\n\n\n\n<p><strong>Teniendo en cuenta que muchas veces las instituciones manejan un volumen de residuos mayor a los de las casas familiares, resulta de suma importancia que estos establecimientos realicen una correcta separaci\u00f3n en origen de sus residuos para poder valorizarlos lo m\u00e1s posible y reducir el volumen de basura enviado al relleno sanitario.<\/strong> \u26a0\ufe0f<\/p>\n\n\n\n<p><strong>Desde la Ordenanza N\u00b0 11.685, sancionada en 2017 por el Concejo Deliberante, en San Mart\u00edn de los Andes es obligatorio separar los residuos reciclables secos (inorg\u00e1nicos) de los residuos no reciclables (Basura). Y se sugiere que los residuos compostables puedan ser separados y compostados.<\/strong><\/p>\n\n\n\n<p><strong>Esta\u00a0primera clasificaci\u00f3n la hacemos en origen<\/strong> (en nuestra casa, comercio, club o <strong>instituci\u00f3n<\/strong>).\ud83c\udfe1\ud83c\udfe2\ud83c\udfed<\/p>\n\n\n\n<p>Para recibir capacitaciones sobre c\u00f3mo realizar esta separaci\u00f3n, \u00a1segu\u00ed nuestras <a href=\"https:\/\/residuos.sma.gob.ar\/?page_id=506\">noticias<\/a>! <\/p>\n\n\n\n<p>Durante abril, mayo y junio de 2023, se realizaron <a href=\"http:\/\/residuos.sma.gob.ar\/?p=447\">capacitaciones en m\u00faltiples escuelas<\/a>, <a href=\"http:\/\/sanmartininforma.gob.ar\/2023\/04\/17\/separemos-porque-sirve-nuevas-capacitaciones-de-separacion-de-residuos-para-camaras-y-asociaciones-de-sma\/\">C\u00e1maras y Asociaciones<\/a> en el marco del Programa Separemos Porque SIRVe. \u00a1Sum\u00e1 tu instituci\u00f3n a este cambio!<\/p>\n\n\n\n<p><\/p>\n\n\n\n<hr class=\"wp-block-separator aligncenter has-alpha-channel-opacity\"\/>\n\n\n\n<h4 class=\"wp-block-heading has-text-align-center\">Separar en origen es el primer paso del proceso de reciclaje.<\/h4>\n\n\n\n<figure class=\"wp-block-image aligncenter size-large\"><img loading=\"lazy\" decoding=\"async\" width=\"1024\" height=\"365\" src=\"https:\/\/residuos.sma.gob.ar\/wp-content\/uploads\/2023\/10\/image-10-1024x365.png\" alt=\"\" class=\"wp-image-2092\" srcset=\"https:\/\/residuos.sma.gob.ar\/wp-content\/uploads\/2023\/10\/image-10-1024x365.png 1024w, https:\/\/residuos.sma.gob.ar\/wp-content\/uploads\/2023\/10\/image-10-300x107.png 300w, https:\/\/residuos.sma.gob.ar\/wp-content\/uploads\/2023\/10\/image-10-768x274.png 768w, https:\/\/residuos.sma.gob.ar\/wp-content\/uploads\/2023\/10\/image-10.png 1192w\" sizes=\"auto, (max-width: 1024px) 100vw, 1024px\" \/><\/figure>\n\n\n\n<h4 class=\"wp-block-heading\">Comienza en tu casa, cuando dispon\u00e9s por un lado los residuos que pueden ser reciclados, por otro los que pueden ser compostados y, por otro, la basura (residuos no reciclables<strong>&nbsp;ni compostables<\/strong>).<\/h4>\n\n\n\n<p>Se dice \u201cen origen\u201d porque la separaci\u00f3n hay que hacerla en el lugar en donde se originan esos residuos (tu casa, club, trabajo o comercio).<\/p>\n\n\n\n<h4 class=\"wp-block-heading\"><strong>Separamos en origen para compostar los restos org\u00e1nicos y para que los recolectores recojan en distintos camiones los residuos reciclables secos y la basura (residuos no reciclables ni compostables).<\/strong><\/h4>\n\n\n\n<p><\/p>\n\n\n\n<h1 class=\"wp-block-heading has-text-align-center\">\u00bfC\u00f3mo separamos en origen?<\/h1>\n\n\n\n<h4 class=\"wp-block-heading\">Con&nbsp;<strong>tres tachos diferenciados<\/strong>: uno para los reciclables secos\ud83d\uddd1, otro para los residuos compostables\ud83d\uddd1&nbsp;y otro para la basura\ud83d\uddd1.<\/h4>\n\n\n\n<div class=\"wp-block-columns is-layout-flex wp-container-core-columns-is-layout-28f84493 wp-block-columns-is-layout-flex\">\n<div class=\"wp-block-column is-layout-flow wp-block-column-is-layout-flow\">\n<figure class=\"wp-block-image\"><img loading=\"lazy\" decoding=\"async\" width=\"435\" height=\"444\" src=\"https:\/\/residuos.sma.gob.ar\/wp-content\/uploads\/2023\/08\/image-26.png\" alt=\"\" class=\"wp-image-1934\" srcset=\"https:\/\/residuos.sma.gob.ar\/wp-content\/uploads\/2023\/08\/image-26.png 435w, https:\/\/residuos.sma.gob.ar\/wp-content\/uploads\/2023\/08\/image-26-294x300.png 294w\" sizes=\"auto, (max-width: 435px) 100vw, 435px\" \/><\/figure>\n<\/div>\n\n\n\n<div class=\"wp-block-column is-layout-flow wp-block-column-is-layout-flow\">\n<figure class=\"wp-block-image\"><img loading=\"lazy\" decoding=\"async\" width=\"433\" height=\"443\" src=\"https:\/\/residuos.sma.gob.ar\/wp-content\/uploads\/2023\/08\/image-24.png\" alt=\"\" class=\"wp-image-1932\" srcset=\"https:\/\/residuos.sma.gob.ar\/wp-content\/uploads\/2023\/08\/image-24.png 433w, https:\/\/residuos.sma.gob.ar\/wp-content\/uploads\/2023\/08\/image-24-293x300.png 293w\" sizes=\"auto, (max-width: 433px) 100vw, 433px\" \/><\/figure>\n<\/div>\n\n\n\n<div class=\"wp-block-column is-layout-flow wp-block-column-is-layout-flow\">\n<figure class=\"wp-block-image size-full\"><img loading=\"lazy\" decoding=\"async\" width=\"401\" height=\"410\" src=\"https:\/\/residuos.sma.gob.ar\/wp-content\/uploads\/2023\/10\/image-11.png\" alt=\"\" class=\"wp-image-2093\" srcset=\"https:\/\/residuos.sma.gob.ar\/wp-content\/uploads\/2023\/10\/image-11.png 401w, https:\/\/residuos.sma.gob.ar\/wp-content\/uploads\/2023\/10\/image-11-293x300.png 293w\" sizes=\"auto, (max-width: 401px) 100vw, 401px\" \/><\/figure>\n<\/div>\n<\/div>\n\n\n\n<figure class=\"wp-block-image is-resized\"><img loading=\"lazy\" decoding=\"async\" src=\"https:\/\/residuos.sma.gob.ar\/wp-content\/uploads\/2023\/08\/image-27.png\" alt=\"\" class=\"wp-image-1935\" style=\"width:102px;height:154px\" width=\"102\" height=\"154\"\/><\/figure>\n\n\n\n<p><strong>Los residuos reciclables secos los tiramos en un tacho, siempre limpios y secos, y luego los tenemos que llevar a los&nbsp;<a href=\"https:\/\/residuos.sma.gob.ar\/?p=483\">Puntos verdes<\/a>&nbsp;o&nbsp;<a href=\"https:\/\/residuos.sma.gob.ar\/?p=431\">Ecopuntos<\/a>&nbsp;para los recolectores los lleven al&nbsp;<a href=\"https:\/\/residuos.sma.gob.ar\/?p=1443\">SIRVe<\/a>.<\/strong>&nbsp;Ah\u00ed ser\u00e1n clasificados por tipo de material y enviados a plantas recicladoras.<\/p>\n\n\n\n<p>\u00a1Enterate cu\u00e1les son los reciclables secos&nbsp;<a href=\"https:\/\/residuos.sma.gob.ar\/?p=353\">ac\u00e1<\/a>!<\/p>\n\n\n\n<figure class=\"wp-block-image is-resized\"><img loading=\"lazy\" decoding=\"async\" src=\"https:\/\/residuos.sma.gob.ar\/wp-content\/uploads\/2023\/08\/image-28.png\" alt=\"\" class=\"wp-image-1936\" style=\"width:102px;height:167px\" width=\"102\" height=\"167\"\/><\/figure>\n\n\n\n<p><strong>Los restos org\u00e1nicos compostables los tiramos en un tacho aparte y luego lo llevamos a una abonera\/compostera<\/strong>: pod\u00e9s armarte una en tu casa si ten\u00e9s jard\u00edn o llevar estos restos a la abonera de alg\u00fan vecino o vecina que tenga o a alguna abonera comunitaria.<\/p>\n\n\n\n<p>\u00a1Enterate m\u00e1s sobre c\u00f3mo separar y compostar tus restos org\u00e1nicos&nbsp;<a href=\"https:\/\/residuos.sma.gob.ar\/?p=1598\">ac\u00e1<\/a>!<\/p>\n\n\n\n<figure class=\"wp-block-image size-full is-resized\"><img loading=\"lazy\" decoding=\"async\" src=\"https:\/\/residuos.sma.gob.ar\/wp-content\/uploads\/2023\/10\/image-13.png\" alt=\"\" class=\"wp-image-2095\" style=\"width:115px;height:171px\" width=\"115\" height=\"171\"\/><\/figure>\n\n\n\n<p><strong>Los residuos no reciclables ni compostables (basura) los tiramos en otro tacho y los dejamos en los cestos domiciliarios para que los recolectores los lleven al relleno sanitario de Alicur\u00e1.<\/strong><\/p>\n\n\n\n<p>Enterate cu\u00e1les residuos son basura (residuos no reciclables ni compostables)&nbsp;<a href=\"https:\/\/residuos.sma.gob.ar\/?p=312\">ac\u00e1<\/a>.<\/p>\n\n\n\n<h1 class=\"wp-block-heading has-text-align-center\">\u00bfPara qu\u00e9 separamos en origen?<\/h1>\n\n\n\n<p>Separamos en origen para que los residuos reciclables puedan clasificarse en la planta del&nbsp;<a href=\"https:\/\/residuos.sma.gob.ar\/?p=1443\">SIRVe<\/a>&nbsp;y luego enviarse a las plantas recicladoras.<\/p>\n\n\n\n<p>Si tiramos estos residuos reciclables mezclados con residuos no reciclables, se ensucian y ya no se pueden clasificar.<\/p>\n\n\n\n<p><strong>Es decir, si separamos nuestros residuos, podemos reciclarnos, si los tiramos todos juntos, se vuelven basura.<\/strong><\/p>\n\n\n\n<figure class=\"wp-block-image aligncenter size-full is-resized\"><img loading=\"lazy\" decoding=\"async\" src=\"https:\/\/residuos.sma.gob.ar\/wp-content\/uploads\/2023\/10\/image-1.png\" alt=\"\" class=\"wp-image-2074\" style=\"width:521px;height:523px\" width=\"521\" height=\"523\" srcset=\"https:\/\/residuos.sma.gob.ar\/wp-content\/uploads\/2023\/10\/image-1.png 539w, https:\/\/residuos.sma.gob.ar\/wp-content\/uploads\/2023\/10\/image-1-300x300.png 300w, https:\/\/residuos.sma.gob.ar\/wp-content\/uploads\/2023\/10\/image-1-150x150.png 150w\" sizes=\"auto, (max-width: 521px) 100vw, 521px\" \/><\/figure>\n\n\n\n<p><\/p>\n\n\n\n<p><\/p>\n","protected":false},"excerpt":{"rendered":"<p>Los residuos institucionales son aquellos que se generan en espacios colectivos de entidades p\u00fablicas o privadas: dependencias administrativas, establecimientos educativos, clubes, comedores o merenderos, sociedades de fomento, centros vecinales o cualquier otro espacio comunitario en general. Se considera que los residuos institucionales son asimilables a los domiciliarios ya que son iguales a \u00e9stos en cuanto &hellip;<\/p>\n<p class=\"read-more\"> <a class=\"\" href=\"https:\/\/residuos.sma.gob.ar\/?page_id=930\"> <span class=\"screen-reader-text\">Instituciones<\/span> Leer m\u00e1s &raquo;<\/a><\/p>\n","protected":false},"author":1,"featured_media":1005,"parent":0,"menu_order":0,"comment_status":"closed","ping_status":"closed","template":"","meta":{"site-sidebar-layout":"default","site-content-layout":"default","ast-global-header-display":"","ast-banner-title-visibility":"","ast-main-header-display":"","ast-hfb-above-header-display":"","ast-hfb-below-header-display":"","ast-hfb-mobile-header-display":"","site-post-title":"","ast-breadcrumbs-content":"","ast-featured-img":"","footer-sml-layout":"","theme-transparent-header-meta":"","adv-header-id-meta":"","stick-header-meta":"","header-above-stick-meta":"","header-main-stick-meta":"","header-below-stick-meta":"","_ti_tpc_template_sync":false,"_ti_tpc_template_id":"","footnotes":""},"class_list":["post-930","page","type-page","status-publish","has-post-thumbnail","hentry"],"_links":{"self":[{"href":"https:\/\/residuos.sma.gob.ar\/index.php?rest_route=\/wp\/v2\/pages\/930","targetHints":{"allow":["GET"]}}],"collection":[{"href":"https:\/\/residuos.sma.gob.ar\/index.php?rest_route=\/wp\/v2\/pages"}],"about":[{"href":"https:\/\/residuos.sma.gob.ar\/index.php?rest_route=\/wp\/v2\/types\/page"}],"author":[{"embeddable":true,"href":"https:\/\/residuos.sma.gob.ar\/index.php?rest_route=\/wp\/v2\/users\/1"}],"replies":[{"embeddable":true,"href":"https:\/\/residuos.sma.gob.ar\/index.php?rest_route=%2Fwp%2Fv2%2Fcomments&post=930"}],"version-history":[{"count":16,"href":"https:\/\/residuos.sma.gob.ar\/index.php?rest_route=\/wp\/v2\/pages\/930\/revisions"}],"predecessor-version":[{"id":2119,"href":"https:\/\/residuos.sma.gob.ar\/index.php?rest_route=\/wp\/v2\/pages\/930\/revisions\/2119"}],"wp:featuredmedia":[{"embeddable":true,"href":"https:\/\/residuos.sma.gob.ar\/index.php?rest_route=\/wp\/v2\/media\/1005"}],"wp:attachment":[{"href":"https:\/\/residuos.sma.gob.ar\/index.php?rest_route=%2Fwp%2Fv2%2Fmedia&parent=930"}],"curies":[{"name":"wp","href":"https:\/\/api.w.org\/{rel}","templated":true}]}}