{"id":997,"date":"2022-12-07T13:40:27","date_gmt":"2022-12-07T13:40:27","guid":{"rendered":"https:\/\/residuos.sma.gob.ar\/?page_id=997"},"modified":"2023-08-30T18:41:10","modified_gmt":"2023-08-30T18:41:10","slug":"eco-ideas","status":"publish","type":"page","link":"https:\/\/residuos.sma.gob.ar\/?page_id=997","title":{"rendered":"ECO IDEAS"},"content":{"rendered":"\n<h2 class=\"wp-block-heading\">ECO BOTELLAS<\/h2>\n\n\n\n<ol class=\"wp-block-list\">\n<li>Re\u00fane todas las botellas o envases de pl\u00e1stico que puedas, incluyendo los tapones.<\/li>\n\n\n\n<li>Rellena las botellas con otros envases, papel de aluminio o film transparente.<\/li>\n\n\n\n<li>Intenta que los materiales queden tan compactos como sea posible dentro de la botella. Para ello, ay\u00fadate de alg\u00fan elemento (un palo o utensilio de cocina) y empuja todos los materiales hasta el fondo.<\/li>\n\n\n\n<li>Cuando la botella est\u00e9 llena, ci\u00e9rrala con su tap\u00f3n.<\/li>\n<\/ol>\n\n\n\n<figure class=\"wp-block-image size-full\"><img loading=\"lazy\" decoding=\"async\" width=\"590\" height=\"366\" src=\"https:\/\/residuos.sma.gob.ar\/wp-content\/uploads\/2023\/08\/image-10.png\" alt=\"\" class=\"wp-image-1867\" srcset=\"https:\/\/residuos.sma.gob.ar\/wp-content\/uploads\/2023\/08\/image-10.png 590w, https:\/\/residuos.sma.gob.ar\/wp-content\/uploads\/2023\/08\/image-10-300x186.png 300w\" sizes=\"auto, (max-width: 590px) 100vw, 590px\" \/><\/figure>\n\n\n\n<h2 class=\"wp-block-heading\">ECO LADRILLOS<\/h2>\n\n\n\n<figure class=\"wp-block-image size-full\"><img loading=\"lazy\" decoding=\"async\" width=\"700\" height=\"431\" src=\"https:\/\/residuos.sma.gob.ar\/wp-content\/uploads\/2022\/12\/eco-bricks.png\" alt=\"\" class=\"wp-image-1203\" srcset=\"https:\/\/residuos.sma.gob.ar\/wp-content\/uploads\/2022\/12\/eco-bricks.png 700w, https:\/\/residuos.sma.gob.ar\/wp-content\/uploads\/2022\/12\/eco-bricks-300x185.png 300w\" sizes=\"auto, (max-width: 700px) 100vw, 700px\" \/><\/figure>\n\n\n\n<div class=\"wp-block-columns is-layout-flex wp-container-core-columns-is-layout-28f84493 wp-block-columns-is-layout-flex\">\n<div class=\"wp-block-column is-layout-flow wp-block-column-is-layout-flow\">\n<div class=\"wp-block-buttons is-layout-flex wp-block-buttons-is-layout-flex\">\n<div class=\"wp-block-button is-style-secondary\"><a class=\"wp-block-button__link wp-element-button\" href=\"https:\/\/www.dondereciclo.org.ar\/blog\/ecoladrillos-una-nueva-opcion-para-reutilizar-residuos-plasticos\/\" target=\"_blank\" rel=\"noreferrer noopener\">m\u00e1s info<\/a><\/div>\n<\/div>\n<\/div>\n\n\n\n<div class=\"wp-block-column is-layout-flow wp-block-column-is-layout-flow\">\n<figure class=\"wp-block-image size-full\"><img loading=\"lazy\" decoding=\"async\" width=\"1020\" height=\"1020\" src=\"https:\/\/residuos.sma.gob.ar\/wp-content\/uploads\/2022\/12\/EcoLadrillos-composicion.jpeg\" alt=\"\" class=\"wp-image-1205\" srcset=\"https:\/\/residuos.sma.gob.ar\/wp-content\/uploads\/2022\/12\/EcoLadrillos-composicion.jpeg 1020w, https:\/\/residuos.sma.gob.ar\/wp-content\/uploads\/2022\/12\/EcoLadrillos-composicion-300x300.jpeg 300w, https:\/\/residuos.sma.gob.ar\/wp-content\/uploads\/2022\/12\/EcoLadrillos-composicion-150x150.jpeg 150w, https:\/\/residuos.sma.gob.ar\/wp-content\/uploads\/2022\/12\/EcoLadrillos-composicion-768x768.jpeg 768w\" sizes=\"auto, (max-width: 1020px) 100vw, 1020px\" \/><\/figure>\n<\/div>\n\n\n\n<div class=\"wp-block-column is-layout-flow wp-block-column-is-layout-flow\">\n<figure class=\"wp-block-image size-full is-resized\"><img loading=\"lazy\" decoding=\"async\" src=\"https:\/\/residuos.sma.gob.ar\/wp-content\/uploads\/2022\/12\/RELLENO.jpeg\" alt=\"\" class=\"wp-image-1202\" style=\"width:265px;height:228px\" width=\"265\" height=\"228\" srcset=\"https:\/\/residuos.sma.gob.ar\/wp-content\/uploads\/2022\/12\/RELLENO.jpeg 850w, https:\/\/residuos.sma.gob.ar\/wp-content\/uploads\/2022\/12\/RELLENO-300x259.jpeg 300w, https:\/\/residuos.sma.gob.ar\/wp-content\/uploads\/2022\/12\/RELLENO-768x664.jpeg 768w\" sizes=\"auto, (max-width: 265px) 100vw, 265px\" \/><\/figure>\n<\/div>\n<\/div>\n\n\n\n<hr class=\"wp-block-separator has-alpha-channel-opacity\"\/>\n\n\n\n<figure class=\"wp-block-image size-large\"><img loading=\"lazy\" decoding=\"async\" width=\"1024\" height=\"1024\" src=\"https:\/\/residuos.sma.gob.ar\/wp-content\/uploads\/2022\/12\/93301999_241364117238173_3612706174752784384_n-1024x1024.jpeg\" alt=\"\" class=\"wp-image-1208\" srcset=\"https:\/\/residuos.sma.gob.ar\/wp-content\/uploads\/2022\/12\/93301999_241364117238173_3612706174752784384_n-1024x1024.jpeg 1024w, https:\/\/residuos.sma.gob.ar\/wp-content\/uploads\/2022\/12\/93301999_241364117238173_3612706174752784384_n-300x300.jpeg 300w, https:\/\/residuos.sma.gob.ar\/wp-content\/uploads\/2022\/12\/93301999_241364117238173_3612706174752784384_n-150x150.jpeg 150w, https:\/\/residuos.sma.gob.ar\/wp-content\/uploads\/2022\/12\/93301999_241364117238173_3612706174752784384_n-768x768.jpeg 768w, https:\/\/residuos.sma.gob.ar\/wp-content\/uploads\/2022\/12\/93301999_241364117238173_3612706174752784384_n.jpeg 1080w\" sizes=\"auto, (max-width: 1024px) 100vw, 1024px\" \/><\/figure>\n\n\n\n<h2 class=\"wp-block-heading\"><\/h2>\n\n\n\n<h3 class=\"wp-block-heading\">ECOBOTELLA VS ECOLADRILLO&nbsp;<\/h3>\n\n\n\n<p>.<br>Tanto las ecobotellas como los ecoladrillos sirven para reducir y reutilizar residuos, solo que <strong>hay diferencias en el armado, en su destino y en los puntos de recolecci\u00f3n.<\/strong><br>.<br>ECOBOTELLAS: Rellenas \u00fanicamente con PL\u00c1STICOS, se transforman en madera pl\u00e1stica.<br>.<br><strong>ECOLADRILLOS: Rellenos con PLASTICOS y OTROS RESIDUOS, se utilizan para diversas construcciones <\/strong>(Consultar puntos de entrega).<br>.<br>Armando cualquiera de las dos estas contribuyendo a cuidar nuestro planeta y ayudar a la sociedad.<br>.<br>Si armas las dos es a\u00fan mejor !<br>.Peque\u00f1as acciones * Mucha gente = Grandes cambios.<br>.<br>Tu aporte, IMPORTA&nbsp;<img loading=\"lazy\" decoding=\"async\" height=\"16\" width=\"16\" src=\"https:\/\/static.xx.fbcdn.net\/images\/emoji.php\/v9\/tf8\/1\/16\/267b.png\" alt=\"\u267b\ufe0f\"><img loading=\"lazy\" decoding=\"async\" height=\"16\" width=\"16\" src=\"https:\/\/static.xx.fbcdn.net\/images\/emoji.php\/v9\/tc0\/1\/16\/1f30e.png\" alt=\"\ud83c\udf0e\"><img loading=\"lazy\" decoding=\"async\" height=\"16\" width=\"16\" src=\"https:\/\/static.xx.fbcdn.net\/images\/emoji.php\/v9\/t6c\/1\/16\/1f4aa.png\" alt=\"\ud83d\udcaa\">&nbsp;.&nbsp;<\/p>\n","protected":false},"excerpt":{"rendered":"<p>ECO BOTELLAS ECO LADRILLOS ECOBOTELLA VS ECOLADRILLO&nbsp; .Tanto las ecobotellas como los ecoladrillos sirven para reducir y reutilizar residuos, solo que hay diferencias en el armado, en su destino y en los puntos de recolecci\u00f3n..ECOBOTELLAS: Rellenas \u00fanicamente con PL\u00c1STICOS, se transforman en madera pl\u00e1stica..ECOLADRILLOS: Rellenos con PLASTICOS y OTROS RESIDUOS, se utilizan para diversas construcciones &hellip;<\/p>\n<p class=\"read-more\"> <a class=\"\" href=\"https:\/\/residuos.sma.gob.ar\/?page_id=997\"> <span class=\"screen-reader-text\">ECO IDEAS<\/span> Leer m\u00e1s &raquo;<\/a><\/p>\n","protected":false},"author":1,"featured_media":1238,"parent":0,"menu_order":0,"comment_status":"closed","ping_status":"closed","template":"","meta":{"site-sidebar-layout":"default","site-content-layout":"default","ast-global-header-display":"","ast-banner-title-visibility":"","ast-main-header-display":"","ast-hfb-above-header-display":"","ast-hfb-below-header-display":"","ast-hfb-mobile-header-display":"","site-post-title":"","ast-breadcrumbs-content":"","ast-featured-img":"","footer-sml-layout":"","theme-transparent-header-meta":"","adv-header-id-meta":"","stick-header-meta":"","header-above-stick-meta":"","header-main-stick-meta":"","header-below-stick-meta":"","_ti_tpc_template_sync":false,"_ti_tpc_template_id":"","footnotes":""},"class_list":["post-997","page","type-page","status-publish","has-post-thumbnail","hentry"],"_links":{"self":[{"href":"https:\/\/residuos.sma.gob.ar\/index.php?rest_route=\/wp\/v2\/pages\/997","targetHints":{"allow":["GET"]}}],"collection":[{"href":"https:\/\/residuos.sma.gob.ar\/index.php?rest_route=\/wp\/v2\/pages"}],"about":[{"href":"https:\/\/residuos.sma.gob.ar\/index.php?rest_route=\/wp\/v2\/types\/page"}],"author":[{"embeddable":true,"href":"https:\/\/residuos.sma.gob.ar\/index.php?rest_route=\/wp\/v2\/users\/1"}],"replies":[{"embeddable":true,"href":"https:\/\/residuos.sma.gob.ar\/index.php?rest_route=%2Fwp%2Fv2%2Fcomments&post=997"}],"version-history":[{"count":9,"href":"https:\/\/residuos.sma.gob.ar\/index.php?rest_route=\/wp\/v2\/pages\/997\/revisions"}],"predecessor-version":[{"id":1868,"href":"https:\/\/residuos.sma.gob.ar\/index.php?rest_route=\/wp\/v2\/pages\/997\/revisions\/1868"}],"wp:featuredmedia":[{"embeddable":true,"href":"https:\/\/residuos.sma.gob.ar\/index.php?rest_route=\/wp\/v2\/media\/1238"}],"wp:attachment":[{"href":"https:\/\/residuos.sma.gob.ar\/index.php?rest_route=%2Fwp%2Fv2%2Fmedia&parent=997"}],"curies":[{"name":"wp","href":"https:\/\/api.w.org\/{rel}","templated":true}]}}